{"id":902,"date":"2025-06-02T13:35:44","date_gmt":"2025-06-02T13:35:44","guid":{"rendered":"https:\/\/ferreteriaterriza.com\/?page_id=902"},"modified":"2025-07-31T13:59:03","modified_gmt":"2025-07-31T13:59:03","slug":"politica-de-cookies","status":"publish","type":"page","link":"https:\/\/ferreteriaterriza.com\/en\/politica-de-cookies\/","title":{"rendered":"Pol\u00edtica de Cookies"},"content":{"rendered":"<p>[et_pb_section fb_built=\u00bb1&#8243; prev_background_color=\u00bb#ffffff\u00bb next_background_color=\u00bb#ffffff\u00bb _builder_version=\u00bb4.27.4&#8243; _module_preset=\u00bbdefault\u00bb background_color=\u00bb#1246AB\u00bb background_image=\u00bbhttps:\/\/ferreteriaterriza.com\/wp-content\/uploads\/2025\/05\/R3-1-TIENDAEXTERIOR-FACHADA-scaled.jpg\u00bb background_blend=\u00bbsoft-light\u00bb custom_padding=\u00bb160px||160px||true|\u00bb top_divider_style=\u00bbasymmetric\u00bb top_divider_height=\u00bb50px\u00bb top_divider_flip=\u00bbvertical|horizontal\u00bb bottom_divider_style=\u00bbasymmetric3&#8243; global_colors_info=\u00bb{}\u00bb][et_pb_row _builder_version=\u00bb4.27.4&#8243; _module_preset=\u00bbdefault\u00bb width=\u00bb90%\u00bb max_width=\u00bb1270px\u00bb global_colors_info=\u00bb{}\u00bb][et_pb_column type=\u00bb4_4&#8243; _builder_version=\u00bb4.27.4&#8243; _module_preset=\u00bbdefault\u00bb global_colors_info=\u00bb{}\u00bb][et_pb_text _builder_version=\u00bb4.27.4&#8243; _dynamic_attributes=\u00bbcontent\u00bb _module_preset=\u00bbdefault\u00bb text_font=\u00bb|700|||||||\u00bb text_text_color=\u00bb#FFFFFF\u00bb text_font_size=\u00bb45px\u00bb text_line_height=\u00bb1em\u00bb text_text_shadow_style=\u00bbpreset3&#8243; global_colors_info=\u00bb{}\u00bb]@ET-DC@eyJkeW5hbWljIjp0cnVlLCJjb250ZW50IjoicG9zdF90aXRsZSIsInNldHRpbmdzIjp7ImJlZm9yZSI6IiIsImFmdGVyIjoiIn19@[\/et_pb_text][\/et_pb_column][\/et_pb_row][\/et_pb_section][et_pb_section fb_built=\u00bb1&#8243; _builder_version=\u00bb4.27.4&#8243; _module_preset=\u00bbdefault\u00bb custom_padding=\u00bb0px||5px|||\u00bb top_divider_height=\u00bb55px\u00bb global_colors_info=\u00bb{}\u00bb][et_pb_row _builder_version=\u00bb4.27.4&#8243; _module_preset=\u00bbdefault\u00bb width=\u00bb90%\u00bb max_width=\u00bb1270px\u00bb custom_padding=\u00bb||||false|false\u00bb locked=\u00bboff\u00bb global_colors_info=\u00bb{}\u00bb][et_pb_column type=\u00bb4_4&#8243; _builder_version=\u00bb4.27.4&#8243; _module_preset=\u00bbdefault\u00bb global_colors_info=\u00bb{}\u00bb][et_pb_text _builder_version=\u00bb4.27.4&#8243; _module_preset=\u00bbdefault\u00bb text_text_color=\u00bb#1B1B1B\u00bb text_font_size=\u00bb18px\u00bb global_colors_info=\u00bb{}\u00bb]<\/p>\n<p><span style=\"font-weight: 400;\">Conforme con la Ley 34\/2002, de 11 de julio, de servicios de la sociedad de la informaci\u00f3n y de comercio electr\u00f3nico (LSSI), en relaci\u00f3n con el Reglamento (UE) 2016\/679 del Parlamento Europeo y del Consejo, de 27 de abril de 2016, General de Protecci\u00f3n de Datos (GDPR) y la Ley Org\u00e1nica 3\/2018, de 5 de diciembre, de Protecci\u00f3n de Datos y Garant\u00eda de los Derechos Digitales (LOPDGDD), es obligado obtener el consentimiento expreso del usuario de todas las p\u00e1ginas web que usan cookies prescindibles, antes de que este navegue por ellas.\u00a0<\/span><\/p>\n<p><b>\u00bfQU\u00c9 SON LAS COOKIES?\u00a0<\/b><\/p>\n<p><span style=\"font-weight: 400;\">Las <\/span><span style=\"font-weight: 400;\">cookies <\/span><span style=\"font-weight: 400;\">y otras tecnolog\u00edas similares tales como local shared objects, flash <\/span><span style=\"font-weight: 400;\">cookies <\/span><span style=\"font-weight: 400;\">o p\u00edxeles, son herramientas empleadas por los servidores Web para almacenar y recuperar informaci\u00f3n acerca de sus visitantes, as\u00ed como para ofrecer un correcto funcionamiento del sitio.\u00a0<\/span><\/p>\n<p><span style=\"font-weight: 400;\">Mediante el uso de estos dispositivos se permite al servidor Web recordar algunos datos concernientes al usuario, como sus preferencias para la visualizaci\u00f3n de las p\u00e1ginas de ese servidor, nombre y contrase\u00f1a, productos que m\u00e1s le interesan, etc.\u00a0<\/span><\/p>\n<p><span style=\"font-weight: 400;\">COOKIES <\/span><b>AFECTADAS POR LA NORMATIVA Y COOKIES EXCEPTUADAS\u00a0<\/b><\/p>\n<p><span style=\"font-weight: 400;\">Seg\u00fan la directiva de la UE, las <\/span><span style=\"font-weight: 400;\">cookies <\/span><span style=\"font-weight: 400;\">que requieren el consentimiento informado por parte del usuario son las <\/span><span style=\"font-weight: 400;\">cookies <\/span><span style=\"font-weight: 400;\">de anal\u00edtica y las de publicidad y afiliaci\u00f3n, quedando exceptuadas las de car\u00e1cter t\u00e9cnico y las necesarias para el funcionamiento del sitio web o la prestaci\u00f3n de servicios expresamente solicitados por el usuario.\u00a0<\/span><\/p>\n<p><b>TIPOS DE COOKIES\u00a0<\/b><\/p>\n<p><b>SEG\u00daN LA FINALIDAD\u00a0<\/b><\/p>\n<p><span style=\"font-weight: 400;\">Cookies <\/span><b>t\u00e9cnicas y funcionales<\/b><span style=\"font-weight: 400;\">: son aquellas que permiten al usuario la navegaci\u00f3n a trav\u00e9s de una p\u00e1gina web, plataforma o aplicaci\u00f3n y la utilizaci\u00f3n de las diferentes opciones o servicios que en ella existan<\/span><span style=\"font-weight: 400;\">. Cookies <\/span><b>anal\u00edticas<\/b><span style=\"font-weight: 400;\">: son aquellas que permiten al responsable de las mismas el seguimiento y an\u00e1lisis del comportamiento de los usuarios de los sitios web a los que est\u00e1n vinculadas. La informaci\u00f3n recogida mediante este tipo de <\/span><span style=\"font-weight: 400;\">cookies <\/span><span style=\"font-weight: 400;\">se utiliza en la medici\u00f3n de la actividad de los sitios web, aplicaci\u00f3n o plataforma y para la elaboraci\u00f3n de perfiles de navegaci\u00f3n de los usuarios de dichos sitios, aplicaciones y plataformas, con el fin de introducir mejoras en funci\u00f3n del an\u00e1lisis de los datos de uso que hacen los usuarios del servicio. <\/span><span style=\"font-weight: 400;\">Cookies <\/span><b>publicitarias: <\/b><span style=\"font-weight: 400;\">son aquellas que permiten la gesti\u00f3n, de la forma m\u00e1s eficaz posible, de los espacios publicitarios que, en su caso, el editor haya incluido en una p\u00e1gina web, aplicaci\u00f3n o plataforma desde la que presta el servicio solicitado en base a criterios como el contenido editado o la frecuencia en la que se muestran los anuncios.\u00a0<\/span><\/p>\n<p><span style=\"font-weight: 400;\">Cookies <\/span><b>de publicidad comportamental<\/b><span style=\"font-weight: 400;\">: recogen informaci\u00f3n sobre las preferencias y elecciones personales del usuario (<\/span><span style=\"font-weight: 400;\">retargeting<\/span><span style=\"font-weight: 400;\">) para permitir la gesti\u00f3n, de la forma m\u00e1s eficaz posible, de los espacios publicitarios que, en su caso, el editor haya incluido en una p\u00e1gina web, aplicaci\u00f3n o plataforma desde la que presta el servicio solicitado.\u00a0<\/span><\/p>\n<p><span style=\"font-weight: 400;\">Cookies <\/span><b>sociales<\/b><span style=\"font-weight: 400;\">: son establecidas por las plataformas de redes sociales en los servicios para permitirle compartir contenido con sus amigos y redes. Las plataformas de medios sociales tienen la capacidad de rastrear su actividad en l\u00ednea fuera de los Servicios. Esto puede afectar al contenido y los mensajes que ve en otros servicios que visita.\u00a0<\/span><\/p>\n<p><span style=\"font-weight: 400;\">Cookies <\/span><b>de afiliados<\/b><span style=\"font-weight: 400;\">: permiten hacer un seguimiento de las visitas procedentes de otras webs, con las que el sitio web establece un contrato de afiliaci\u00f3n (empresas de afiliaci\u00f3n).\u00a0<\/span><\/p>\n<p><span style=\"font-weight: 400;\">Cookies <\/span><b>de seguridad<\/b><span style=\"font-weight: 400;\">: almacenan informaci\u00f3n cifrada para evitar que los datos guardados en ellas sean<\/span><b>JOS\u00c9 TERRIZA MORO, C.B.\u00a0<\/b><\/p>\n<p><span style=\"font-weight: 400;\">Bulevar Ciudad de V\u00edcar, 646 &#8211; 04738 V\u00edcar (Almer\u00eda) ESPA\u00d1A\u00a0<\/span><\/p>\n<p><span style=\"font-weight: 400;\">1\u00a0<\/span><\/p>\n<p><span style=\"font-weight: 400;\">JOS\u00c9 TERRIZA MORO, C.B. <\/span><span style=\"font-weight: 400;\">vulnerables a ataques maliciosos de terceros.\u00a0<\/span><\/p>\n<p><b>SEG\u00daN LA PROPIEDAD\u00a0<\/b><\/p>\n<p><span style=\"font-weight: 400;\">Cookies <\/span><b>propias<\/b><span style=\"font-weight: 400;\">: son aquellas que se env\u00edan al equipo terminal del usuario desde un equipo o dominio gestionado por el propio editor y desde el que se presta el servicio solicitado por el usuario. <\/span><span style=\"font-weight: 400;\">Cookies <\/span><b>de terceros: <\/b><span style=\"font-weight: 400;\">son aquellas que se env\u00edan al equipo terminal del usuario desde un equipo o dominio que no es gestionado por el editor, sino por otra entidad que trata los datos obtenidos trav\u00e9s de las cookies.\u00a0<\/span><\/p>\n<p><b>SEG\u00daN EL PLAZO DE CONSERVACI\u00d3N\u00a0<\/b><\/p>\n<p><span style=\"font-weight: 400;\">Cookies <\/span><b>de sesi\u00f3n: <\/b><span style=\"font-weight: 400;\">son un tipo de <\/span><span style=\"font-weight: 400;\">cookies <\/span><span style=\"font-weight: 400;\">dise\u00f1adas para recabar y almacenar datos mientras el usuario accede a una p\u00e1gina web.\u00a0<\/span><\/p>\n<p><span style=\"font-weight: 400;\">Cookies <\/span><b>persistentes: <\/b><span style=\"font-weight: 400;\">son un tipo de cookies en el que los datos siguen almacenados en el terminal y pueden ser accedidos y tratados durante un per\u00edodo definido por el responsable de la <\/span><span style=\"font-weight: 400;\">cookie<\/span><span style=\"font-weight: 400;\">, y que puede ir de unos minutos a varios a\u00f1os.\u00a0<\/span><\/p>\n<p><b>TRATAMIENTO DE DATOS PERSONALES\u00a0<\/b><\/p>\n<p><span style=\"font-weight: 400;\">JOS\u00c9 TERRIZA MORO, C.B. es el <\/span><b>Responsable del tratamiento <\/b><span style=\"font-weight: 400;\">de los datos personales del <\/span><b>Interesado <\/b><span style=\"font-weight: 400;\">y le informa de que estos datos ser\u00e1n tratados de conformidad con lo dispuesto en el Reglamento (UE) 2016\/679, de 27 de abril de 2016 (GDPR), por lo que se le facilita la siguiente informaci\u00f3n del tratamiento:\u00a0<\/span><\/p>\n<p><b>Fines del tratamiento: <\/b><span style=\"font-weight: 400;\">seg\u00fan se especifica en el apartado de <\/span><span style=\"font-weight: 400;\">cookies <\/span><span style=\"font-weight: 400;\">que se utilizan en este sitio web.\u00a0<\/span><\/p>\n<p><b>Legitimaci\u00f3n del tratamiento<\/b><span style=\"font-weight: 400;\">: salvo en los casos en los que resulte necesario para la navegaci\u00f3n por la web, por consentimiento del interesado (art. 6.1.a GDPR).\u00a0<\/span><\/p>\n<p><b>Criterios de conservaci\u00f3n de los datos<\/b><span style=\"font-weight: 400;\">: seg\u00fan se especifica en el apartado de <\/span><span style=\"font-weight: 400;\">cookies <\/span><span style=\"font-weight: 400;\">utilizadas en la web.\u00a0<\/span><\/p>\n<p><b>Comunicaci\u00f3n de los datos<\/b><span style=\"font-weight: 400;\">: no se comunicar\u00e1n los datos a terceros, excepto en cookies propiedad de terceros o por obligaci\u00f3n legal.\u00a0<\/span><\/p>\n<p><b>Derechos que asisten al Interesado<\/b><span style=\"font-weight: 400;\">:\u00a0<\/span><\/p>\n<p><span style=\"font-weight: 400;\">&#8211; Derecho a retirar el consentimiento en cualquier momento.\u00a0<\/span><\/p>\n<p><span style=\"font-weight: 400;\">&#8211; Derecho de acceso, rectificaci\u00f3n, portabilidad y supresi\u00f3n de sus datos, y de limitaci\u00f3n u oposici\u00f3n a su tratamiento. &#8211; Derecho a presentar una reclamaci\u00f3n ante la Autoridad de control (www.aepd.es) si considera que el tratamiento no se ajusta a la normativa vigente.\u00a0<\/span><\/p>\n<p><b>Datos de contacto para ejercer sus derechos:\u00a0<\/b><\/p>\n<p><span style=\"font-weight: 400;\">JOS\u00c9 TERRIZA MORO, C.B.. Bulevar Ciudad de V\u00edcar, 646 &#8211; 04738 V\u00edcar (Almer\u00eda). E-mail:\u00a0<\/span><\/p>\n<p><span style=\"font-weight: 400;\">protecciondedatos@ferreteriaterriza.com\u00a0<\/span><\/p>\n<p><b>COOKIES UTILIZADAS EN ESTE SITIO WEB<\/b><\/p>\n<p><b>JOS\u00c9 TERRIZA MORO, C.B.\u00a0<\/b><\/p>\n<p><span style=\"font-weight: 400;\">Bulevar Ciudad de V\u00edcar, 646 &#8211; 04738 V\u00edcar (Almer\u00eda) ESPA\u00d1A\u00a0<\/span><\/p>\n<p><span style=\"font-weight: 400;\">2\u00a0<\/span><span style=\"font-weight: 400;\"><br \/><\/span><\/p>\n<p><span style=\"font-weight: 400;\">JOS\u00c9 TERRIZA MORO, C.B.\u00a0<\/span><\/p>\n<p><b>COOKIES CONTROLADAS POR EL EDITOR T\u00e9cnicas y funcionales\u00a0<\/b><b><br \/><\/b><\/p>\n<p><b>Propiedad Cookie Finalidad Plazo <\/b><span style=\"font-weight: 400;\">ferreteriaterriza.com <\/span><b>_ga_WTYVP91X0Q <\/b><span style=\"font-weight: 400;\">Cookie necesaria para la utilizaci\u00f3n de las opciones y servicios del <\/span><span style=\"font-weight: 400;\">sitio web <\/span><span style=\"font-weight: 400;\">en un a\u00f1o\u00a0<\/span><\/p>\n<p><span style=\"font-weight: 400;\">google.com <\/span><b>__Secure-1PAPISID <\/b><span style=\"font-weight: 400;\">Cookie necesaria para la utilizaci\u00f3n de las opciones y servicios del <\/span><span style=\"font-weight: 400;\">sitio web <\/span><span style=\"font-weight: 400;\">en un a\u00f1o\u00a0<\/span><\/p>\n<p><span style=\"font-weight: 400;\">google.com <\/span><b>__Secure-1PSID <\/b><span style=\"font-weight: 400;\">Cookie necesaria para la utilizaci\u00f3n de las opciones y servicios del <\/span><span style=\"font-weight: 400;\">sitio web <\/span><span style=\"font-weight: 400;\">en un a\u00f1o\u00a0<\/span><\/p>\n<p><span style=\"font-weight: 400;\">google.com <\/span><b>__Secure-1PSIDCC <\/b><span style=\"font-weight: 400;\">Cookie necesaria para la utilizaci\u00f3n de las opciones y servicios del <\/span><span style=\"font-weight: 400;\">sitio web <\/span><span style=\"font-weight: 400;\">en un a\u00f1o\u00a0<\/span><\/p>\n<p><span style=\"font-weight: 400;\">google.com <\/span><b>__Secure-1PSIDTS <\/b><span style=\"font-weight: 400;\">Cookie necesaria para la utilizaci\u00f3n de las opciones y servicios del <\/span><span style=\"font-weight: 400;\">sitio web <\/span><span style=\"font-weight: 400;\">en un a\u00f1o\u00a0<\/span><\/p>\n<p><span style=\"font-weight: 400;\">google.com <\/span><b>__Secure-3PSIDCC <\/b><span style=\"font-weight: 400;\">Cookie necesaria para la utilizaci\u00f3n de las opciones y servicios del <\/span><span style=\"font-weight: 400;\">sitio web <\/span><span style=\"font-weight: 400;\">en un a\u00f1o\u00a0<\/span><\/p>\n<p><span style=\"font-weight: 400;\">google.com <\/span><b>__Secure-3PSIDTS <\/b><span style=\"font-weight: 400;\">Cookie necesaria para la utilizaci\u00f3n de las opciones y servicios del <\/span><span style=\"font-weight: 400;\">sitio web <\/span><span style=\"font-weight: 400;\">en un a\u00f1o\u00a0<\/span><\/p>\n<p><span style=\"font-weight: 400;\">google.com <\/span><b>__Secure-ENID <\/b><span style=\"font-weight: 400;\">Cookie necesaria para la utilizaci\u00f3n de las opciones y servicios del <\/span><span style=\"font-weight: 400;\">sitio web <\/span><span style=\"font-weight: 400;\">en 11 meses\u00a0<\/span><\/p>\n<p><span style=\"font-weight: 400;\">google.com <\/span><b>AEC <\/b><span style=\"font-weight: 400;\">Cookie necesaria para la utilizaci\u00f3n de las opciones y servicios del <\/span><span style=\"font-weight: 400;\">sitio web <\/span><span style=\"font-weight: 400;\">en 3 meses\u00a0<\/span><\/p>\n<p><span style=\"font-weight: 400;\">SameSite evita que el navegador env\u00ede esta cookie junto con las\u00a0<\/span><\/p>\n<p><span style=\"font-weight: 400;\">solicitudes entre sitios. El objetivo principal es mitigar el riesgo de\u00a0<\/span><span style=\"font-weight: 400;\"><br \/><\/span><\/p>\n<p><span style=\"font-weight: 400;\">Google <\/span><b>SEARCH_SAMESITE\u00a0<\/b><\/p>\n<p><span style=\"font-weight: 400;\">fuga de informaci\u00f3n de origen cruzado. Tambi\u00e9n proporciona cierta protecci\u00f3n contra ataques de falsificaci\u00f3n de solicitudes entre sitios.\u00a0<\/span><\/p>\n<p><span style=\"font-weight: 400;\">en 6 meses\u00a0<\/span><span style=\"font-weight: 400;\"><br \/><\/span><\/p>\n<p><span style=\"font-weight: 400;\">analytics.com <\/span><b>ar_debug <\/b><span style=\"font-weight: 400;\">Cookie necesaria para la utilizaci\u00f3n de las opciones y servicios del\u00a0<\/span><span style=\"font-weight: 400;\"><br \/><\/span><\/p>\n<p><span style=\"font-weight: 400;\">region1.google\u00a0<\/span><\/p>\n<p><span style=\"font-weight: 400;\">sitio web <\/span><span style=\"font-weight: 400;\">en 3 meses <\/span><b>Anal\u00edticas\u00a0<\/b><b><br \/><\/b><\/p>\n<p><b>Propiedad Cookie Finalidad Plazo <\/b><span style=\"font-weight: 400;\">Google Analytics <\/span><b>_ga <\/b><span style=\"font-weight: 400;\">ID utiliza para identificar a los usuarios en un a\u00f1o <\/span><span style=\"font-weight: 400;\">Google <\/span><b>__Secure-3PAPISID <\/b><span style=\"font-weight: 400;\">Estas cookies se utilizan para entregar anuncios m\u00e1s relevantes <\/span><span style=\"font-weight: 400;\">para usted y sus intereses. <\/span><span style=\"font-weight: 400;\">en un a\u00f1o\u00a0<\/span><\/p>\n<p><span style=\"font-weight: 400;\">Google <\/span><b>__Secure-3PSID <\/b><span style=\"font-weight: 400;\">Estas cookies se utilizan para entregar anuncios m\u00e1s relevantes <\/span><span style=\"font-weight: 400;\">para usted y sus intereses. <\/span><span style=\"font-weight: 400;\">en un a\u00f1o\u00a0<\/span><\/p>\n<p><b>Publicitarias\u00a0<\/b><\/p>\n<p><b>Propiedad Cookie Finalidad Plazo <\/b><span style=\"font-weight: 400;\">Descargar ciertas herramientas de Google y guardar ciertas\u00a0<\/span><span style=\"font-weight: 400;\"><br \/><\/span><\/p>\n<p><span style=\"font-weight: 400;\">Google <\/span><b>APISID\u00a0<\/b><\/p>\n<p><span style=\"font-weight: 400;\">preferencias, por ejemplo, el n\u00famero de resultados de la b\u00fasqueda por hoja o la activaci\u00f3n del filtro SafeSearch. Ajusta los anuncios que aparecen en la b\u00fasqueda de Google.\u00a0<\/span><\/p>\n<p><span style=\"font-weight: 400;\">en un a\u00f1o<\/span><span style=\"font-weight: 400;\"><br \/><\/span><\/p>\n<p><b>JOS\u00c9 TERRIZA MORO, C.B.\u00a0<\/b><\/p>\n<p><span style=\"font-weight: 400;\">Bulevar Ciudad de V\u00edcar, 646 &#8211; 04738 V\u00edcar (Almer\u00eda) ESPA\u00d1A\u00a0<\/span><\/p>\n<p><span style=\"font-weight: 400;\">3\u00a0<\/span><span style=\"font-weight: 400;\"><br \/><\/span><\/p>\n<p><span style=\"font-weight: 400;\">JOS\u00c9 TERRIZA MORO, C.B.\u00a0<\/span><\/p>\n<p><span style=\"font-weight: 400;\">Google <\/span><b>HSID <\/b><span style=\"font-weight: 400;\">Google <\/span><b>NID <\/b><span style=\"font-weight: 400;\">Google <\/span><b>SAPISID\u00a0<\/b><\/p>\n<p><span style=\"font-weight: 400;\">Google <\/span><b>SID <\/b><span style=\"font-weight: 400;\">Google <\/span><b>SIDCC <\/b><span style=\"font-weight: 400;\">Google <\/span><b>SSID\u00a0<\/b><\/p>\n<p><span style=\"font-weight: 400;\">Descargar ciertas herramientas de Google y guardar ciertas preferencias, por ejemplo, el n\u00famero de resultados de la b\u00fasqueda por hoja o la activaci\u00f3n del filtro SafeSearch. Ajusta los anuncios que aparecen en la b\u00fasqueda de Google.\u00a0<\/span><\/p>\n<p><span style=\"font-weight: 400;\">Estas cookies se utilizan para recopilar estad\u00edsticas del sitio web y rastrear las tasas de conversi\u00f3n y la personalizaci\u00f3n de anuncios de Google\u00a0<\/span><\/p>\n<p><span style=\"font-weight: 400;\">Descargar ciertas herramientas de Google y guardar ciertas preferencias, por ejemplo, el n\u00famero de resultados de la b\u00fasqueda por hoja o la activaci\u00f3n del filtro SafeSearch. Ajusta los anuncios que aparecen en la b\u00fasqueda de Google.\u00a0<\/span><\/p>\n<p><span style=\"font-weight: 400;\">Descargar ciertas herramientas de Google y guardar ciertas preferencias, por ejemplo, el n\u00famero de resultados de la b\u00fasqueda por hoja o la activaci\u00f3n del filtro SafeSearch. Ajusta los anuncios que aparecen en la b\u00fasqueda de Google.\u00a0<\/span><\/p>\n<p><span style=\"font-weight: 400;\">Descargar ciertas herramientas de Google y guardar ciertas preferencias, por ejemplo, el n\u00famero de resultados de la b\u00fasqueda por hoja o la activaci\u00f3n del filtro SafeSearch. Ajusta los anuncios que aparecen en la b\u00fasqueda de Google.\u00a0<\/span><\/p>\n<p><span style=\"font-weight: 400;\">Descarga ciertas herramientas de Google y guarda ciertas preferencias, por ejemplo, el n\u00famero de resultados de b\u00fasqueda por p\u00e1gina o la activaci\u00f3n del filtro SafeSearch. Ajusta los anuncios que aparecen en la B\u00fasqueda de Google.\u00a0<\/span><\/p>\n<p><b>COOKIES DE TERCEROS\u00a0<\/b><\/p>\n<p><span style=\"font-weight: 400;\">en un a\u00f1o en 7 meses en un a\u00f1o\u00a0<\/span><\/p>\n<p><span style=\"font-weight: 400;\">en un a\u00f1o en un a\u00f1o en un a\u00f1o\u00a0<\/span><span style=\"font-weight: 400;\"><br \/><\/span><\/p>\n<p><span style=\"font-weight: 400;\">Los servicios de terceros son ajenos al control del editor. Los proveedores pueden modificar en todo momento sus condiciones de servicio, finalidad y utilizaci\u00f3n de las cookies, etc.\u00a0<\/span><\/p>\n<p><span style=\"font-weight: 400;\">Puedes informarte de las transferencias a terceros pa\u00edses que, en su caso, realizan los terceros identificados en esta pol\u00edtica de cookies en sus correspondientes pol\u00edticas (ver los enlaces facilitados en el apartado \u201cCookies de terceros\/Proveedores externos\u201d).\u00a0<\/span><\/p>\n<p><b>Proveedores externos de este sitio web:\u00a0<\/b><\/p>\n<p><b>Editor Pol\u00edtica de privacidad\u00a0<\/b><\/p>\n<p><span style=\"font-weight: 400;\">Google Analytics <\/span><span style=\"font-weight: 400;\">https:\/\/privacy.google.com\/take-control.html\u00a0<\/span><\/p>\n<p><span style=\"font-weight: 400;\">Google <\/span><span style=\"font-weight: 400;\">https:\/\/privacy.google.com\/take-control.html\u00a0<\/span><\/p>\n<p><span style=\"font-weight: 400;\">Google <\/span><span style=\"font-weight: 400;\">https:\/\/safety.google\/privacy\/privacy-controls\/\u00a0<\/span><\/p>\n<p><b>PANEL DE CONFIGURACI\u00d3N DE COOKIES\u00a0<\/b><\/p>\n<p><span style=\"font-weight: 400;\">Desde este panel podr\u00e1 configurar las cookies que el sitio web puede instalar en su navegador, excepto las cookies t\u00e9cnicas o funcionales que son necesarias para la navegaci\u00f3n y la utilizaci\u00f3n de las diferentes opciones o servicios que se ofrecen.\u00a0<\/span><\/p>\n<p><span style=\"font-weight: 400;\">Panel de cookies\u00a0<\/span><\/p>\n<p><b>C\u00d3MO GESTIONAR LAS COOKIES DESDE EL NAVEGADOR\u00a0<\/b><\/p>\n<p><span style=\"font-weight: 400;\">Las cookies que ya est\u00e1n en un dispositivo se pueden eliminar borrando el historial del\u00a0<\/span><span style=\"font-weight: 400;\"><br \/><\/span><\/p>\n<p><b>Eliminar las cookies del dispositivo <\/b><span style=\"font-weight: 400;\">4\u00a0<\/span><\/p>\n<p><span style=\"font-weight: 400;\">navegador, con lo que se suprimen las cookies de todos los sitios web visitados. Sin embargo, tambi\u00e9n se puede perder parte de la informaci\u00f3n guardada (por ejemplo, los datos de inicio de sesi\u00f3n o las preferencias de sitio web).<\/span><\/p>\n<p><b>JOS\u00c9 TERRIZA MORO, C.B.\u00a0<\/b><\/p>\n<p><span style=\"font-weight: 400;\">Bulevar Ciudad de V\u00edcar, 646 &#8211; 04738 V\u00edcar (Almer\u00eda) ESPA\u00d1A\u00a0<\/span><span style=\"font-weight: 400;\"><br \/><\/span><\/p>\n<p><span style=\"font-weight: 400;\">JOS\u00c9 TERRIZA MORO, C.B.\u00a0<\/span><\/p>\n<p><b>Gestionar las cookies espec\u00edficas del sitio\u00a0<\/b><\/p>\n<p><b>Bloquear las cookies\u00a0<\/b><\/p>\n<p><span style=\"font-weight: 400;\">Para tener un control m\u00e1s preciso de las cookies espec\u00edficas de cada sitio, los usuarios pueden ajustar su configuraci\u00f3n de privacidad y cookies en el navegador.\u00a0<\/span><\/p>\n<p><span style=\"font-weight: 400;\">Aunque la mayor\u00eda de los navegadores modernos se pueden configurar para evitar que se instalen cookies en los dispositivos, eso puede obligar al ajuste manual de determinadas preferencias cada vez que se visite un sitio o p\u00e1gina. Adem\u00e1s, algunos servicios y caracter\u00edsticas pueden no funcionar correctamente (por ejemplo, los inicios de sesi\u00f3n con perfil).\u00a0<\/span><span style=\"font-weight: 400;\"><br \/><\/span><\/p>\n<p><b>C\u00d3MO ELIMINAR LAS COOKIES DE LOS NAVEGADORES M\u00c1S COMUNES\u00a0<\/b><\/p>\n<p><b>Chrome <\/b><span style=\"font-weight: 400;\">http:\/\/support.google.com\/chrome\/answer\/95647?hl=es\u00a0<\/span><\/p>\n<p><b>Edge <\/b><span style=\"font-weight: 400;\">https:\/\/support.microsoft.com\/es-es\/microsoft-edge\/eliminar-las-cookies-en-microsoft-edge-63947406-40ac-c3b8-57b9-2a946a29ae09 <\/span><b>Explorer <\/b><span style=\"font-weight: 400;\">https:\/\/support.microsoft.com\/es-es\/help\/278835\/how-to-delete-cookie-files-in-internet-explorer <\/span><b>Firefox <\/b><span style=\"font-weight: 400;\">https:\/\/www.mozilla.org\/es-ES\/privacy\/websites\/#cookies\u00a0<\/span><\/p>\n<p><b>Safari <\/b><span style=\"font-weight: 400;\">https:\/\/support.apple.com\/es-es\/guide\/safari\/sfri11471\/mac\u00a0<\/span><\/p>\n<p><b>Opera <\/b><span style=\"font-weight: 400;\">https:\/\/help.opera.com\/en\/latest\/security-and-privacy\/#clearBrowsingData<\/span><\/p>\n<p>[\/et_pb_text][\/et_pb_column][\/et_pb_row][\/et_pb_section]<\/p>","protected":false},"excerpt":{"rendered":"<p>Conforme con la Ley 34\/2002, de 11 de julio, de servicios de la sociedad de la informaci\u00f3n y de comercio electr\u00f3nico (LSSI), en relaci\u00f3n con el Reglamento (UE) 2016\/679 del Parlamento Europeo y del Consejo, de 27 de abril de 2016, General de Protecci\u00f3n de Datos (GDPR) y la Ley Org\u00e1nica 3\/2018, de 5 de [&hellip;]<\/p>","protected":false},"author":2,"featured_media":0,"parent":0,"menu_order":0,"comment_status":"closed","ping_status":"closed","template":"","meta":{"_et_pb_use_builder":"on","_et_pb_old_content":"","_et_gb_content_width":"","footnotes":""},"class_list":["post-902","page","type-page","status-publish","hentry"],"_links":{"self":[{"href":"https:\/\/ferreteriaterriza.com\/en\/wp-json\/wp\/v2\/pages\/902","targetHints":{"allow":["GET"]}}],"collection":[{"href":"https:\/\/ferreteriaterriza.com\/en\/wp-json\/wp\/v2\/pages"}],"about":[{"href":"https:\/\/ferreteriaterriza.com\/en\/wp-json\/wp\/v2\/types\/page"}],"author":[{"embeddable":true,"href":"https:\/\/ferreteriaterriza.com\/en\/wp-json\/wp\/v2\/users\/2"}],"replies":[{"embeddable":true,"href":"https:\/\/ferreteriaterriza.com\/en\/wp-json\/wp\/v2\/comments?post=902"}],"version-history":[{"count":7,"href":"https:\/\/ferreteriaterriza.com\/en\/wp-json\/wp\/v2\/pages\/902\/revisions"}],"predecessor-version":[{"id":1439,"href":"https:\/\/ferreteriaterriza.com\/en\/wp-json\/wp\/v2\/pages\/902\/revisions\/1439"}],"wp:attachment":[{"href":"https:\/\/ferreteriaterriza.com\/en\/wp-json\/wp\/v2\/media?parent=902"}],"curies":[{"name":"wp","href":"https:\/\/api.w.org\/{rel}","templated":true}]}}